{"id":6349,"date":"2025-10-22T13:16:34","date_gmt":"2025-10-22T17:16:34","guid":{"rendered":"https:\/\/chairecreat.ca\/projets-de-recherche\/"},"modified":"2026-01-28T21:40:28","modified_gmt":"2026-01-29T02:40:28","slug":"research-projects","status":"publish","type":"page","link":"https:\/\/chairecreat.ca\/en\/research-projects\/","title":{"rendered":"Research Projects"},"content":{"rendered":"","protected":false},"excerpt":{"rendered":"","protected":false},"author":1,"featured_media":0,"parent":0,"menu_order":3,"comment_status":"closed","ping_status":"closed","template":"page-templates\/projects.php","meta":{"_acf_changed":false,"footnotes":""},"class_list":["post-6349","page","type-page","status-publish","hentry"],"acf":[],"yoast_head":"<!-- This site is optimized with the Yoast SEO plugin v27.4 - https:\/\/yoast.com\/product\/yoast-seo-wordpress\/ -->\n<title>Research Projects - Chaire en \u00e9conomie cr\u00e9ative &amp; mieux-\u00eatre<\/title>\n<meta name=\"robots\" content=\"index, follow, max-snippet:-1, max-image-preview:large, max-video-preview:-1\" \/>\n<link rel=\"canonical\" href=\"https:\/\/chairecreat.ca\/en\/research-projects\/\" \/>\n<meta property=\"og:locale\" content=\"en_US\" \/>\n<meta property=\"og:type\" content=\"article\" \/>\n<meta property=\"og:title\" content=\"Research Projects - Chaire en \u00e9conomie cr\u00e9ative &amp; mieux-\u00eatre\" \/>\n<meta property=\"og:url\" content=\"https:\/\/chairecreat.ca\/en\/research-projects\/\" \/>\n<meta property=\"og:site_name\" content=\"Chaire en \u00e9conomie cr\u00e9ative &amp; mieux-\u00eatre\" \/>\n<meta property=\"article:modified_time\" content=\"2026-01-29T02:40:28+00:00\" \/>\n<meta name=\"twitter:card\" content=\"summary_large_image\" \/>\n<script type=\"application\/ld+json\" class=\"yoast-schema-graph\">{\"@context\":\"https:\\\/\\\/schema.org\",\"@graph\":[{\"@type\":\"WebPage\",\"@id\":\"https:\\\/\\\/chairecreat.ca\\\/en\\\/research-projects\\\/\",\"url\":\"https:\\\/\\\/chairecreat.ca\\\/en\\\/research-projects\\\/\",\"name\":\"Research Projects - Chaire en \u00e9conomie cr\u00e9ative &amp; mieux-\u00eatre\",\"isPartOf\":{\"@id\":\"https:\\\/\\\/chairecreat.ca\\\/en\\\/#website\"},\"datePublished\":\"2025-10-22T17:16:34+00:00\",\"dateModified\":\"2026-01-29T02:40:28+00:00\",\"breadcrumb\":{\"@id\":\"https:\\\/\\\/chairecreat.ca\\\/en\\\/research-projects\\\/#breadcrumb\"},\"inLanguage\":\"en-CA\",\"potentialAction\":[{\"@type\":\"ReadAction\",\"target\":[\"https:\\\/\\\/chairecreat.ca\\\/en\\\/research-projects\\\/\"]}]},{\"@type\":\"BreadcrumbList\",\"@id\":\"https:\\\/\\\/chairecreat.ca\\\/en\\\/research-projects\\\/#breadcrumb\",\"itemListElement\":[{\"@type\":\"ListItem\",\"position\":1,\"name\":\"Home\",\"item\":\"https:\\\/\\\/chairecreat.ca\\\/en\\\/\"},{\"@type\":\"ListItem\",\"position\":2,\"name\":\"Research Projects\"}]},{\"@type\":\"WebSite\",\"@id\":\"https:\\\/\\\/chairecreat.ca\\\/en\\\/#website\",\"url\":\"https:\\\/\\\/chairecreat.ca\\\/en\\\/\",\"name\":\"Chaire en \u00e9conomie cr\u00e9ative &amp; mieux-\u00eatre\",\"description\":\"\",\"potentialAction\":[{\"@type\":\"SearchAction\",\"target\":{\"@type\":\"EntryPoint\",\"urlTemplate\":\"https:\\\/\\\/chairecreat.ca\\\/en\\\/?s={search_term_string}\"},\"query-input\":{\"@type\":\"PropertyValueSpecification\",\"valueRequired\":true,\"valueName\":\"search_term_string\"}}],\"inLanguage\":\"en-CA\"}]}<\/script>\n<!-- \/ Yoast SEO plugin. -->","yoast_head_json":{"title":"Research Projects - Chaire en \u00e9conomie cr\u00e9ative &amp; mieux-\u00eatre","robots":{"index":"index","follow":"follow","max-snippet":"max-snippet:-1","max-image-preview":"max-image-preview:large","max-video-preview":"max-video-preview:-1"},"canonical":"https:\/\/chairecreat.ca\/en\/research-projects\/","og_locale":"en_US","og_type":"article","og_title":"Research Projects - Chaire en \u00e9conomie cr\u00e9ative &amp; mieux-\u00eatre","og_url":"https:\/\/chairecreat.ca\/en\/research-projects\/","og_site_name":"Chaire en \u00e9conomie cr\u00e9ative &amp; mieux-\u00eatre","article_modified_time":"2026-01-29T02:40:28+00:00","twitter_card":"summary_large_image","schema":{"@context":"https:\/\/schema.org","@graph":[{"@type":"WebPage","@id":"https:\/\/chairecreat.ca\/en\/research-projects\/","url":"https:\/\/chairecreat.ca\/en\/research-projects\/","name":"Research Projects - Chaire en \u00e9conomie cr\u00e9ative &amp; mieux-\u00eatre","isPartOf":{"@id":"https:\/\/chairecreat.ca\/en\/#website"},"datePublished":"2025-10-22T17:16:34+00:00","dateModified":"2026-01-29T02:40:28+00:00","breadcrumb":{"@id":"https:\/\/chairecreat.ca\/en\/research-projects\/#breadcrumb"},"inLanguage":"en-CA","potentialAction":[{"@type":"ReadAction","target":["https:\/\/chairecreat.ca\/en\/research-projects\/"]}]},{"@type":"BreadcrumbList","@id":"https:\/\/chairecreat.ca\/en\/research-projects\/#breadcrumb","itemListElement":[{"@type":"ListItem","position":1,"name":"Home","item":"https:\/\/chairecreat.ca\/en\/"},{"@type":"ListItem","position":2,"name":"Research Projects"}]},{"@type":"WebSite","@id":"https:\/\/chairecreat.ca\/en\/#website","url":"https:\/\/chairecreat.ca\/en\/","name":"Chaire en \u00e9conomie cr\u00e9ative &amp; mieux-\u00eatre","description":"","potentialAction":[{"@type":"SearchAction","target":{"@type":"EntryPoint","urlTemplate":"https:\/\/chairecreat.ca\/en\/?s={search_term_string}"},"query-input":{"@type":"PropertyValueSpecification","valueRequired":true,"valueName":"search_term_string"}}],"inLanguage":"en-CA"}]}},"_links":{"self":[{"href":"https:\/\/chairecreat.ca\/en\/wp-json\/wp\/v2\/pages\/6349","targetHints":{"allow":["GET"]}}],"collection":[{"href":"https:\/\/chairecreat.ca\/en\/wp-json\/wp\/v2\/pages"}],"about":[{"href":"https:\/\/chairecreat.ca\/en\/wp-json\/wp\/v2\/types\/page"}],"author":[{"embeddable":true,"href":"https:\/\/chairecreat.ca\/en\/wp-json\/wp\/v2\/users\/1"}],"replies":[{"embeddable":true,"href":"https:\/\/chairecreat.ca\/en\/wp-json\/wp\/v2\/comments?post=6349"}],"version-history":[{"count":1,"href":"https:\/\/chairecreat.ca\/en\/wp-json\/wp\/v2\/pages\/6349\/revisions"}],"predecessor-version":[{"id":6350,"href":"https:\/\/chairecreat.ca\/en\/wp-json\/wp\/v2\/pages\/6349\/revisions\/6350"}],"wp:attachment":[{"href":"https:\/\/chairecreat.ca\/en\/wp-json\/wp\/v2\/media?parent=6349"}],"curies":[{"name":"wp","href":"https:\/\/api.w.org\/{rel}","templated":true}]}}